{"id":37,"date":"2012-04-02T11:32:06","date_gmt":"2012-04-02T11:32:06","guid":{"rendered":"https:\/\/www.sylvia-voegele-kopp.de\/blog\/?page_id=37"},"modified":"2026-03-21T17:10:05","modified_gmt":"2026-03-21T16:10:05","slug":"kontakt-impressum","status":"publish","type":"page","link":"https:\/\/www.sylvia-voegele-kopp.de\/blog\/kontakt-impressum\/","title":{"rendered":"Kontakt\/Impressum"},"content":{"rendered":"<p>Hier wohnt eine unabh\u00e4ngige, kreative Frau die ein intensives Leben f\u00fchrt.<\/p>\n<p>Sylvia V\u00f6gele-Kopp<br \/>\nKunst Wirtschaft Projekte<br \/>\n88499 Zwiefaltendorf<br \/>\nDeutschland<\/p>\n<p>Ruf 017373 45450<\/p>\n<p><a title=\"www.sylvia-voegele-kopp.de\" href=\"http:\/\/www.sylvia-voegele-kopp.de\" target=\"_blank\" rel=\"noopener noreferrer\">www.sylvia-voegele-kopp.de<\/a><br \/>\n<a title=\"www.fridolinundmalchen.de\" href=\"http:\/\/www.fridolinundmalchen.de\" target=\"_blank\" rel=\"noopener noreferrer\">www.fridolinundmalchen.de<\/a><br \/>\n<a title=\"www.image4punkt0.de\" href=\"http:\/\/www.image4punkt0.de\" target=\"_blank\" rel=\"noopener noreferrer\">www.image4punkt0.de<\/a><\/p>\n<p>Trotz sorgf\u00e4ltiger inhaltlicher Kontrolle \u00fcbernehme ich\/wir keine Haftung f\u00fcr die Inhalte externer Links. F\u00fcr den Inhalt der verlinkten Seiten sind ausschlie\u00dflich deren Betreiber verantwortlich.<\/p>\n<p>Realized by <a title=\"cross-media-marketing.com\" href=\"http:\/\/cross-media-marketing.com\" target=\"_blank\" rel=\"noopener noreferrer\">cross-media-marketing.com<\/a><\/p>\n<p>Fotos:<\/p>\n<ul>\n<li>Maria Magdalena Brancato <a href=\"http:\/\/www.magda-brancato.de\">.magda-brancato.de<\/a><\/li>\n<li>Michael Setz,\u00a0<a title=\"michaelsetz.com\" href=\"http:\/\/michaelsetz.com\" target=\"_blank\" rel=\"noopener noreferrer\">michaelsetz.com<\/a><\/li>\n<\/ul>\n<p>\u00dcberarbeitung:\u00a0<a href=\"http:\/\/www.salilou.com\" target=\"_blank\" rel=\"noopener noreferrer\">salilou.com<\/a><\/p>\n\n<div class=\"wpcf7 no-js\" id=\"wpcf7-f2783-o1\" lang=\"de-DE\" dir=\"ltr\" data-wpcf7-id=\"2783\">\n<div class=\"screen-reader-response\"><p role=\"status\" aria-live=\"polite\" aria-atomic=\"true\"><\/p> <ul><\/ul><\/div>\n<form action=\"\/blog\/wp-json\/wp\/v2\/pages\/37#wpcf7-f2783-o1\" method=\"post\" class=\"wpcf7-form init\" aria-label=\"Kontaktformular\" novalidate=\"novalidate\" data-status=\"init\">\n<fieldset class=\"hidden-fields-container\"><input type=\"hidden\" name=\"_wpcf7\" value=\"2783\" \/><input type=\"hidden\" name=\"_wpcf7_version\" value=\"6.1.5\" \/><input type=\"hidden\" name=\"_wpcf7_locale\" value=\"de_DE\" \/><input type=\"hidden\" name=\"_wpcf7_unit_tag\" value=\"wpcf7-f2783-o1\" \/><input type=\"hidden\" name=\"_wpcf7_container_post\" value=\"0\" \/><input type=\"hidden\" name=\"_wpcf7_posted_data_hash\" value=\"\" \/>\n<\/fieldset>\n<p>Ihr Name\n<\/p>\n<p><span class=\"wpcf7-form-control-wrap\" data-name=\"your-name\"><input size=\"40\" maxlength=\"400\" class=\"wpcf7-form-control wpcf7-text wpcf7-validates-as-required\" aria-required=\"true\" aria-invalid=\"false\" value=\"\" type=\"text\" name=\"your-name\" \/><\/span>\n<\/p>\n<p>Ihre E-Mail-Adresse\n<\/p>\n<p><span class=\"wpcf7-form-control-wrap\" data-name=\"your-email\"><input size=\"40\" maxlength=\"400\" class=\"wpcf7-form-control wpcf7-email wpcf7-validates-as-required wpcf7-text wpcf7-validates-as-email\" aria-required=\"true\" aria-invalid=\"false\" value=\"\" type=\"email\" name=\"your-email\" \/><\/span>\n<\/p>\n<p>Ihre Nachricht\n<\/p>\n<p><span class=\"wpcf7-form-control-wrap\" data-name=\"your-message\"><textarea cols=\"40\" rows=\"10\" maxlength=\"2000\" class=\"wpcf7-form-control wpcf7-textarea\" aria-invalid=\"false\" name=\"your-message\"><\/textarea><\/span>\n<\/p>\n<p class=\"small\">Ihre Daten sind bei uns sicher. Lesen Sie mehr unter <a href=\"\/datenschutz\" target=\"_blank\">Datenschutz<\/a>.\n<\/p>\n<p><span id=\"wpcf7-69dfe8d3662a3-wrapper\" class=\"wpcf7-form-control-wrap telfon-573-wrap\" ><input type=\"hidden\" name=\"telfon-573-time-start\" value=\"1776281811\"><input type=\"hidden\" name=\"telfon-573-time-check\" value=\"4\"><input id=\"telfon\"  class=\"wpcf7-form-control wpcf7-text\" type=\"text\" name=\"telfon-573\" value=\"\" size=\"40\" tabindex=\"-1\" autocomplete=\"off\" \/><\/span>\n<\/p>\n<p><input class=\"wpcf7-form-control wpcf7-submit has-spinner\" type=\"submit\" value=\"Abschicken\" \/>\n<\/p><div class=\"wpcf7-response-output\" aria-hidden=\"true\"><\/div>\n<\/form>\n<\/div>\n\n","protected":false},"excerpt":{"rendered":"<p>Hier wohnt eine unabh\u00e4ngige, kreative Frau die ein intensives Leben f\u00fchrt. Sylvia V\u00f6gele-Kopp Kunst Wirtschaft Projekte 88499 Zwiefaltendorf Deutschland Ruf 017373 45450 www.sylvia-voegele-kopp.de www.fridolinundmalchen.de www.image4punkt0.de Trotz sorgf\u00e4ltiger inhaltlicher Kontrolle \u00fcbernehme ich\/wir keine Haftung f\u00fcr die Inhalte externer Links. F\u00fcr den &hellip; <a href=\"https:\/\/www.sylvia-voegele-kopp.de\/blog\/kontakt-impressum\/\">Weiterlesen <span class=\"meta-nav\">&rarr;<\/span><\/a><\/p>\n","protected":false},"author":1,"featured_media":0,"parent":0,"menu_order":0,"comment_status":"closed","ping_status":"open","template":"sidebar-page.php","meta":{"footnotes":""},"class_list":["post-37","page","type-page","status-publish","hentry"],"_links":{"self":[{"href":"https:\/\/www.sylvia-voegele-kopp.de\/blog\/wp-json\/wp\/v2\/pages\/37","targetHints":{"allow":["GET"]}}],"collection":[{"href":"https:\/\/www.sylvia-voegele-kopp.de\/blog\/wp-json\/wp\/v2\/pages"}],"about":[{"href":"https:\/\/www.sylvia-voegele-kopp.de\/blog\/wp-json\/wp\/v2\/types\/page"}],"author":[{"embeddable":true,"href":"https:\/\/www.sylvia-voegele-kopp.de\/blog\/wp-json\/wp\/v2\/users\/1"}],"replies":[{"embeddable":true,"href":"https:\/\/www.sylvia-voegele-kopp.de\/blog\/wp-json\/wp\/v2\/comments?post=37"}],"version-history":[{"count":19,"href":"https:\/\/www.sylvia-voegele-kopp.de\/blog\/wp-json\/wp\/v2\/pages\/37\/revisions"}],"predecessor-version":[{"id":8321,"href":"https:\/\/www.sylvia-voegele-kopp.de\/blog\/wp-json\/wp\/v2\/pages\/37\/revisions\/8321"}],"wp:attachment":[{"href":"https:\/\/www.sylvia-voegele-kopp.de\/blog\/wp-json\/wp\/v2\/media?parent=37"}],"curies":[{"name":"wp","href":"https:\/\/api.w.org\/{rel}","templated":true}]}}