{"id":2,"date":"2011-12-22T10:45:35","date_gmt":"2011-12-22T10:45:35","guid":{"rendered":"https:\/\/www.sylvia-voegele-kopp.de\/blog\/?page_id=2"},"modified":"2024-07-26T16:25:13","modified_gmt":"2024-07-26T14:25:13","slug":"malerei","status":"publish","type":"page","link":"https:\/\/www.sylvia-voegele-kopp.de\/blog\/malerei\/","title":{"rendered":"Malerei und Papierwelten"},"content":{"rendered":"<p>Der Haut meiner Seele zu begegnen ist meine Absicht. Jeglichen Gehorsam vergessen. Alles ausradieren, was jemals war. Tun was ich muss. Sein wer ich bin. Weniger geht nicht.<\/p>\n<p>Tr\u00e4umen, um der Wirklichkeit zu entfliehen. Liebesaff\u00e4ren eingehen mit den tiefsten Schichten des Seins. Auf einfachste Weise komplexes schaffen. Kreativit\u00e4t atmen. Entdecken, entwickeln, verwerfen.<\/p>\n<p>Seltsam ist das Abtauchen in die tiefen Gr\u00fcnde und meist m\u00f6chte ich von diesen Reisen nach Innen gar nicht mehr zur\u00fcckkehren. Das Auftauchen in die Realit\u00e4t ist eiskalt und starr, ungem\u00fctlich wenn die Wogen des Verstandes alles Entstandene mit dem menschlichen Auge auseinander nehmen.<\/p>\n<p>Da hilft nur ein schnelles zur\u00fcck und wieder eintauchen in die warme, kuschelige Welt der Farb(t)r\u00e4ume, in denen es keine Regeln und Reglementierungen gibt. Zerw\u00fcrfnisse und Auferstehungen geben sich die Hand, bis zu dem Zeitpunkt, wenn der Kampf des inneren Kerns mit dem \u00e4u\u00dferen Ich abgeschlossen ist. Dann steht die \u201eFinderfreude\u201c als gro\u00dfer Sieger da.<\/p>\n<p>Ich liebe das Leben. Verg\u00f6ttere die Kunst und atme all die Sph\u00e4ren der Un-Wirklichkeiten.<\/p>\n<p>Daraus entsteht <span style=\"color: #ff0000;\">Kunst + Wirtschaft<\/span>. Die tollste Kombination der Welt.<\/p>\n","protected":false},"excerpt":{"rendered":"<p>Der Haut meiner Seele zu begegnen ist meine Absicht. Jeglichen Gehorsam vergessen. Alles ausradieren, was jemals war. Tun was ich muss. Sein wer ich bin. Weniger geht nicht. Tr\u00e4umen, um der Wirklichkeit zu entfliehen. Liebesaff\u00e4ren eingehen mit den tiefsten Schichten &hellip; <a href=\"https:\/\/www.sylvia-voegele-kopp.de\/blog\/malerei\/\">Weiterlesen <span class=\"meta-nav\">&rarr;<\/span><\/a><\/p>\n","protected":false},"author":1,"featured_media":0,"parent":0,"menu_order":0,"comment_status":"closed","ping_status":"open","template":"sidebar-page.php","meta":{"footnotes":""},"class_list":["post-2","page","type-page","status-publish","hentry"],"_links":{"self":[{"href":"https:\/\/www.sylvia-voegele-kopp.de\/blog\/wp-json\/wp\/v2\/pages\/2","targetHints":{"allow":["GET"]}}],"collection":[{"href":"https:\/\/www.sylvia-voegele-kopp.de\/blog\/wp-json\/wp\/v2\/pages"}],"about":[{"href":"https:\/\/www.sylvia-voegele-kopp.de\/blog\/wp-json\/wp\/v2\/types\/page"}],"author":[{"embeddable":true,"href":"https:\/\/www.sylvia-voegele-kopp.de\/blog\/wp-json\/wp\/v2\/users\/1"}],"replies":[{"embeddable":true,"href":"https:\/\/www.sylvia-voegele-kopp.de\/blog\/wp-json\/wp\/v2\/comments?post=2"}],"version-history":[{"count":2,"href":"https:\/\/www.sylvia-voegele-kopp.de\/blog\/wp-json\/wp\/v2\/pages\/2\/revisions"}],"predecessor-version":[{"id":6345,"href":"https:\/\/www.sylvia-voegele-kopp.de\/blog\/wp-json\/wp\/v2\/pages\/2\/revisions\/6345"}],"wp:attachment":[{"href":"https:\/\/www.sylvia-voegele-kopp.de\/blog\/wp-json\/wp\/v2\/media?parent=2"}],"curies":[{"name":"wp","href":"https:\/\/api.w.org\/{rel}","templated":true}]}}