{"id":11,"date":"2012-03-29T14:13:34","date_gmt":"2012-03-29T14:13:34","guid":{"rendered":"https:\/\/www.sylvia-voegele-kopp.de\/blog\/?page_id=11"},"modified":"2024-07-27T01:48:45","modified_gmt":"2024-07-26T23:48:45","slug":"projekte","status":"publish","type":"page","link":"https:\/\/www.sylvia-voegele-kopp.de\/blog\/projekte\/","title":{"rendered":"Coaching"},"content":{"rendered":"<p><span style=\"color: #ff0000;\"><b>Lauf DIch frei\u00a0 \u00a0 \u00a0 \u00a0 \u00a0 Wandercoaching<\/b><\/span><\/p>\n<p>Jeden Tag der Natur n\u00e4her kommen?<\/p>\n<p>Beobachten, verstehen und im Leben integrieren.<\/p>\n<p>Den Weg im Gehen finden? F\u00fcr Dich und Dein Sein.<br \/>\nIch geh mit Dir los. H\u00f6re, frage, spiegle. Coaching er-kl\u00e4rt.<br \/>\nAbheben. Fliegen. Landen.<br \/>\nDer Gipfelsturm hin zur F\u00fclle.<br \/>\nEntdeck Dich neu.<br \/>\nDie schw\u00e4bische Alb bietet viele Wegstrecken.<\/p>\n<p>Lust auf Frischluft im Denkraum?<br \/>\nRuf mich an <a href=\"http:\/\/01737345450\" data-wplink-url-error=\"true\">01737345450<\/a><br \/>\nMit freudigen Schritten gehen wir bergauf und bergab.<\/p>\n<p>Sylvia Voegele-Kopp Coaching &#8211; es ist Liebe<\/p>\n<h1><\/h1>\n<h1><\/h1>\n<h2><span style=\"color: #ff0000;\"><strong>Tagesseminar\u00a0 Wirtschaftscoaching<\/strong><\/span><\/h2>\n<p><strong>Die eigene\u00a0<strong>Traumfabrik<\/strong>\u00a0in Existenz bringen.<\/strong><\/p>\n<p>Bist Du noch Unternehmer-in, oder wirst Du unternommen?<\/p>\n<p>Hinfallen ist Deine Chance. Verzeih Dir und gehe erhobenen Hauptes zur\u00fcck zum Start.<\/p>\n<p>G\u00f6nne Dir das Tagesseminar <strong>Zukunft neu denken<\/strong>. F\u00fcr Dich ganz allein.<\/p>\n<p><strong>Suchen, finden, sein, tun. Nervenzellen im Gehirn neu verkn\u00fcpfen.<\/strong><\/p>\n<p>Ich stelle Fragen au\u00dferhalb jeglichem Klischees. Breche mit Dir\u00a0 aus gewohnten Denkmustern aus. &#8222;Werde wer Du bist&#8220;. Lass Deiner Begeisterung neue Fl\u00fcgel wachsen.<\/p>\n<p>Schaff Dir eine neue Realit\u00e4t.<\/p>\n<p>Ruf mich an <a href=\"http:\/\/01737345450\" data-wplink-url-error=\"true\">01737345450<\/a><\/p>\n<p>Oder schreib an<a href=\"&#109;a&#x69;l&#x74;o&#x3a;&#115;&#x79;&#108;&#x76;&#105;a&#x76;o&#x65;g&#x65;&#108;&#x65;&#45;&#x6b;&#111;&#x70;&#112;&#64;&#x74;-&#x6f;n&#x6c;&#105;&#x6e;&#101;&#x2e;&#100;&#x65;\">&#115;&#x79;&#x6c;v&#105;&#x61;v&#111;&#x65;&#x67;e&#108;&#x65;-&#107;&#x6f;&#x70;p&#64;&#x74;-&#111;&#x6e;&#x6c;&#105;&#110;&#x65;&#46;&#100;&#x65;<\/a><\/p>\n<p>Und denk daran. <strong>Tr\u00e4ume sind \u00a0neue Wirklichkeiten.<\/strong><\/p>\n<p><span style=\"color: #ff0000;\"><strong>Seelenfutter Coaching\u00a0<\/strong><\/span><\/p>\n<p>Denn Du wirst, was Du isst. Du kannst Deine Zellen mit buntem Essen f\u00fcttern. Das macht Dein Innenleben zu einem Kraftfeld, das dem Alltag gelassen strotzt.<\/p>\n<p>Am Anfang der Selbstliebe steht die Ern\u00e4hrung. Daraus entstehen Gef\u00fchle, Gedanken, ein erf\u00fclltes Sein.<\/p>\n<p>Lust auf einen Permakulturgarten, der einer Verzauberungsanstalt gleicht? Dort warten Kr\u00e4uter und Essexperimente auf Dich. Seelenfutter f\u00fcr einen gesunden Organismus.<\/p>\n<p>Begib Dich auf die Reise zu Dir&#8230;.<\/p>\n<p>Coaching &#8211; es ist Liebe<\/p>\n","protected":false},"excerpt":{"rendered":"<p>Lauf DIch frei\u00a0 \u00a0 \u00a0 \u00a0 \u00a0 Wandercoaching Jeden Tag der Natur n\u00e4her kommen? Beobachten, verstehen und im Leben integrieren. Den Weg im Gehen finden? F\u00fcr Dich und Dein Sein. Ich geh mit Dir los. H\u00f6re, frage, spiegle. Coaching er-kl\u00e4rt. &hellip; <a href=\"https:\/\/www.sylvia-voegele-kopp.de\/blog\/projekte\/\">Weiterlesen <span class=\"meta-nav\">&rarr;<\/span><\/a><\/p>\n","protected":false},"author":1,"featured_media":0,"parent":0,"menu_order":0,"comment_status":"closed","ping_status":"open","template":"sidebar-page.php","meta":{"footnotes":""},"class_list":["post-11","page","type-page","status-publish","hentry"],"_links":{"self":[{"href":"https:\/\/www.sylvia-voegele-kopp.de\/blog\/wp-json\/wp\/v2\/pages\/11","targetHints":{"allow":["GET"]}}],"collection":[{"href":"https:\/\/www.sylvia-voegele-kopp.de\/blog\/wp-json\/wp\/v2\/pages"}],"about":[{"href":"https:\/\/www.sylvia-voegele-kopp.de\/blog\/wp-json\/wp\/v2\/types\/page"}],"author":[{"embeddable":true,"href":"https:\/\/www.sylvia-voegele-kopp.de\/blog\/wp-json\/wp\/v2\/users\/1"}],"replies":[{"embeddable":true,"href":"https:\/\/www.sylvia-voegele-kopp.de\/blog\/wp-json\/wp\/v2\/comments?post=11"}],"version-history":[{"count":23,"href":"https:\/\/www.sylvia-voegele-kopp.de\/blog\/wp-json\/wp\/v2\/pages\/11\/revisions"}],"predecessor-version":[{"id":6362,"href":"https:\/\/www.sylvia-voegele-kopp.de\/blog\/wp-json\/wp\/v2\/pages\/11\/revisions\/6362"}],"wp:attachment":[{"href":"https:\/\/www.sylvia-voegele-kopp.de\/blog\/wp-json\/wp\/v2\/media?parent=11"}],"curies":[{"name":"wp","href":"https:\/\/api.w.org\/{rel}","templated":true}]}}